{"id":914,"date":"2016-02-08T09:40:07","date_gmt":"2016-02-08T08:40:07","guid":{"rendered":"http:\/\/www.fcremigen.ch\/?page_id=914"},"modified":"2025-08-25T09:32:30","modified_gmt":"2025-08-25T07:32:30","slug":"veranstaltungen","status":"publish","type":"page","link":"https:\/\/www.fcremigen.ch\/","title":{"rendered":"Willkommen"},"content":{"rendered":"\n<h1 class=\"wp-block-heading\"><img loading=\"lazy\" decoding=\"async\" class=\"alignnone size-full wp-image-2536\" src=\"https:\/\/www.fcremigen.ch\/wp-content\/uploads\/2022\/08\/Mitglieder_2022_small_2.jpg\" alt=\"\" width=\"1012\" height=\"497\" srcset=\"https:\/\/www.fcremigen.ch\/wp-content\/uploads\/2022\/08\/Mitglieder_2022_small_2.jpg 1012w, https:\/\/www.fcremigen.ch\/wp-content\/uploads\/2022\/08\/Mitglieder_2022_small_2-300x147.jpg 300w, https:\/\/www.fcremigen.ch\/wp-content\/uploads\/2022\/08\/Mitglieder_2022_small_2-768x377.jpg 768w, https:\/\/www.fcremigen.ch\/wp-content\/uploads\/2022\/08\/Mitglieder_2022_small_2-624x306.jpg 624w\" sizes=\"auto, (max-width: 1012px) 100vw, 1012px\" \/><\/h1>\n\n\n\n<div class=\"wp-block-group\"><div class=\"wp-block-group__inner-container is-layout-constrained wp-block-group-is-layout-constrained\">\n<p class=\"has-medium-font-size\">Der Freizeitclub heisst alle Besucher der Bar und Grill jeweils am 31. Juli  willkommen.\u00a0 Gerne w\u00fcrden wir euren Durst stillen und die B\u00e4uche mit Leckereien vom Grill f\u00fcllen. Kommt am 31. Juli auf den Schulhausplatz Remigen und stosst mit uns an.<\/p>\n\n\n\n<p class=\"has-medium-font-size\">Jedes f\u00fchren wir eine Vereinsreise durch. In einem Jahr in der Schweiz, im n\u00e4chsten Jahr irgendwo im nahen Ausland. So zum Beispiel: Budapest, Neuenburg, Rust, Prag, Appenzell, Barcelona. Weitere Termine sind jeweils die Metzgete im B\u00e4ren Remigen sowie das Papiersammeln.\u00a0Informationen zu den Veranstaltungen und Aktitvit\u00e4ten auf der entsprechenden <a href=\"https:\/\/www.fcremigen.ch\/?page_id=2671\" data-type=\"page\" data-id=\"2671\">Seite <\/a>(siehe Men\u00fcband oben)<\/p>\n\n\n\n<p><\/p>\n<\/div><\/div>\n\n\n\n<div class=\"wp-block-group\"><div class=\"wp-block-group__inner-container is-layout-constrained wp-block-group-is-layout-constrained\">\n<h1 class=\"wp-block-heading\"><span style=\"text-decoration: underline;\">Fitness<\/span><\/h1>\n\n\n\n<p class=\"has-medium-font-size\">Siehe Seite &#8222;<a href=\"https:\/\/www.fcremigen.ch\/?page_id=1554\">REMI-FIT<\/a> Fitness&#8220;<\/p>\n\n\n\n<p><\/p>\n<\/div><\/div>\n\n\n\n<p class=\"has-medium-font-size\"><strong><span style=\"text-decoration: underline;\">WIR SUCHEN DICH<\/span><\/strong><\/p>\n\n\n\n<p class=\"has-medium-font-size\">Neue Mitglieder gesucht!<br><a href=\"https:\/\/www.fcremigen.ch\/?page_id=21\"><img loading=\"lazy\" decoding=\"async\" width=\"600\" height=\"852\" class=\"alignnone wp-image-1003 size-full\" src=\"https:\/\/www.fcremigen.ch\/wp-content\/uploads\/2016\/02\/Flyer-Wirsuchendich_600px.jpg\" alt=\"\" srcset=\"https:\/\/www.fcremigen.ch\/wp-content\/uploads\/2016\/02\/Flyer-Wirsuchendich_600px.jpg 600w, https:\/\/www.fcremigen.ch\/wp-content\/uploads\/2016\/02\/Flyer-Wirsuchendich_600px-211x300.jpg 211w\" sizes=\"auto, (max-width: 600px) 100vw, 600px\" \/><\/a><\/p>\n\n\n\n<p class=\"has-medium-font-size\">&#8212;> Melde dich unter der Seite <a href=\"https:\/\/www.fcremigen.ch\/?page_id=21\" data-type=\"page\" data-id=\"21\">Kontakt<\/a>, oder \u00fcber die E-Mail Adresse oder Handynummer auf dem Flyer (Remo Mosimann)<\/p>\n","protected":false},"excerpt":{"rendered":"<p>Der Freizeitclub heisst alle Besucher der Bar und Grill jeweils am 31. Juli willkommen.\u00a0 Gerne w\u00fcrden wir euren Durst stillen und die B\u00e4uche mit Leckereien vom Grill f\u00fcllen. Kommt am 31. Juli auf den Schulhausplatz Remigen und stosst mit uns an. Jedes f\u00fchren wir eine Vereinsreise durch. In einem Jahr in der Schweiz, im n\u00e4chsten [&hellip;]<\/p>\n","protected":false},"author":2,"featured_media":0,"parent":0,"menu_order":0,"comment_status":"closed","ping_status":"closed","template":"","meta":{"ngg_post_thumbnail":0,"footnotes":""},"class_list":["post-914","page","type-page","status-publish","hentry"],"_links":{"self":[{"href":"https:\/\/www.fcremigen.ch\/index.php?rest_route=\/wp\/v2\/pages\/914","targetHints":{"allow":["GET"]}}],"collection":[{"href":"https:\/\/www.fcremigen.ch\/index.php?rest_route=\/wp\/v2\/pages"}],"about":[{"href":"https:\/\/www.fcremigen.ch\/index.php?rest_route=\/wp\/v2\/types\/page"}],"author":[{"embeddable":true,"href":"https:\/\/www.fcremigen.ch\/index.php?rest_route=\/wp\/v2\/users\/2"}],"replies":[{"embeddable":true,"href":"https:\/\/www.fcremigen.ch\/index.php?rest_route=%2Fwp%2Fv2%2Fcomments&post=914"}],"version-history":[{"count":42,"href":"https:\/\/www.fcremigen.ch\/index.php?rest_route=\/wp\/v2\/pages\/914\/revisions"}],"predecessor-version":[{"id":2981,"href":"https:\/\/www.fcremigen.ch\/index.php?rest_route=\/wp\/v2\/pages\/914\/revisions\/2981"}],"wp:attachment":[{"href":"https:\/\/www.fcremigen.ch\/index.php?rest_route=%2Fwp%2Fv2%2Fmedia&parent=914"}],"curies":[{"name":"wp","href":"https:\/\/api.w.org\/{rel}","templated":true}]}}