{"id":5,"date":"2010-08-15T13:47:24","date_gmt":"2010-08-15T11:47:24","guid":{"rendered":"http:\/\/www.fcremigen.ch\/?page_id=5"},"modified":"2024-05-09T14:22:02","modified_gmt":"2024-05-09T12:22:02","slug":"info","status":"publish","type":"page","link":"https:\/\/www.fcremigen.ch\/?page_id=5","title":{"rendered":"\u00dcber uns"},"content":{"rendered":"\n<h2 class=\"wp-block-heading has-medium-font-size\"><strong>Vereinsgeschichte<\/strong><\/h2>\n\n\n\n<p class=\"has-medium-font-size\">Der Freizeitclub Remigen wurde im Jahre 2009 im urchigen Kellergew\u00f6lbe des Gasthof B\u00e4ren in Remigen gegr\u00fcndet. Er ging\u00a0aus Mitgliedern der Jungsch\u00fctzen Remigen, deren Ehemaligen, Mitgliedern vom PartyClub Geissberg (PCG\/OWSC) sowie Neumitgliedern hervor.<\/p>\n\n\n\n<p class=\"has-medium-font-size\">Das (empfohlene) Mindestalter f\u00fcr Vereinsmitglieder ist 18 Jahre, da der Verein an den Events Alkohol ausschenkt und f\u00fcr diese T\u00e4tigkeit niemand Minderj\u00e4hrig sein darf.&nbsp;<\/p>\n\n\n\n<p><\/p>\n\n\n\n<h2 class=\"wp-block-heading\">J\u00e4hrliche Aktivit\u00e4ten<\/h2>\n\n\n\n<p class=\"has-medium-font-size\">Beim Verein stehen folgende Punkte im Hauptfokus:<\/p>\n\n\n\n<ul class=\"wp-block-list\">\n<li class=\"has-medium-font-size\">Betreiben der 1. August-Bar in Remigen (31. Juli \/ 1. August)<\/li>\n\n\n\n<li class=\"has-medium-font-size\">Papiersammeln Remigen<\/li>\n\n\n\n<li class=\"has-medium-font-size\">Vereinsreise oder Anlass<\/li>\n\n\n\n<li class=\"has-medium-font-size\">Geselliges Beisammensein (Besuch Haxenfrass\/Hofbr\u00e4uhaus, Metzgete im Gasthof B\u00e4ren, Bowling-Abend, &#8230;)<\/li>\n\n\n\n<li class=\"has-medium-font-size\">Vermietung von Bar, Festzelt, T\u00f6ggelikasten und Co<\/li>\n<\/ul>\n\n\n\n<p>Ebenfalls aufgetreten sind wir an folgenden Events (einmalig oder l\u00e4ngerer Turnus):<\/p>\n\n\n\n<ul class=\"wp-block-list\">\n<li class=\"has-medium-font-size\">950 Jahre Remigen<\/li>\n\n\n\n<li class=\"has-medium-font-size\">EXPO Geissberg Remigen<\/li>\n\n\n\n<li class=\"has-medium-font-size\">Winzerfest Remigen<\/li>\n\n\n\n<li class=\"has-medium-font-size\">Jugendfest Remigen<\/li>\n<\/ul>\n\n\n\n<p><\/p>\n\n\n\n<div class=\"wp-block-group\"><div class=\"wp-block-group__inner-container is-layout-constrained wp-block-group-is-layout-constrained\">\n<h2 class=\"wp-block-heading has-medium-font-size\"><strong>Neumitglieder<\/strong><\/h2>\n\n\n\n<p class=\"has-medium-font-size\">Gerne nehmen wir Neumitglieder auf. Bitte melde dich per Formular oder direkt bei Remo Mosimann oder Patrik Wernli.<\/p>\n\n\n\n<p><\/p>\n<\/div><\/div>\n\n\n\n<div class=\"wp-block-group\"><div class=\"wp-block-group__inner-container is-layout-constrained wp-block-group-is-layout-constrained\">\n<h2 class=\"wp-block-heading has-medium-font-size\"><strong>Bankverbindung<\/strong><\/h2>\n\n\n\n<p class=\"has-medium-font-size\">Bank: Raiffeisen B\u00f6ttstein, Hauptstrasse 26, 5234 Villigen<br><span style=\"font-size: revert;\">IID (BC-Nr.): 80808<br>SWIFT-BIC: RAIFCH22XXX<br>Konto: <strong>CH63 8080 8001 0147 0151 7<\/strong><br><\/span><span style=\"font-size: revert;\">Zugunsten: Freizeitclub Remigen, 5236 Remigen <br>Mitglieder-Beitrag: Aktiv: 50.- \/ Passiv: 30.-<\/span><\/p>\n<\/div><\/div>\n","protected":false},"excerpt":{"rendered":"<p>Vereinsgeschichte Der Freizeitclub Remigen wurde im Jahre 2009 im urchigen Kellergew\u00f6lbe des Gasthof B\u00e4ren in Remigen gegr\u00fcndet. Er ging\u00a0aus Mitgliedern der Jungsch\u00fctzen Remigen, deren Ehemaligen, Mitgliedern vom PartyClub Geissberg (PCG\/OWSC) sowie Neumitgliedern hervor. Das (empfohlene) Mindestalter f\u00fcr Vereinsmitglieder ist 18 Jahre, da der Verein an den Events Alkohol ausschenkt und f\u00fcr diese T\u00e4tigkeit niemand Minderj\u00e4hrig [&hellip;]<\/p>\n","protected":false},"author":1,"featured_media":0,"parent":0,"menu_order":0,"comment_status":"closed","ping_status":"closed","template":"","meta":{"ngg_post_thumbnail":0,"footnotes":""},"class_list":["post-5","page","type-page","status-publish","hentry"],"_links":{"self":[{"href":"https:\/\/www.fcremigen.ch\/index.php?rest_route=\/wp\/v2\/pages\/5","targetHints":{"allow":["GET"]}}],"collection":[{"href":"https:\/\/www.fcremigen.ch\/index.php?rest_route=\/wp\/v2\/pages"}],"about":[{"href":"https:\/\/www.fcremigen.ch\/index.php?rest_route=\/wp\/v2\/types\/page"}],"author":[{"embeddable":true,"href":"https:\/\/www.fcremigen.ch\/index.php?rest_route=\/wp\/v2\/users\/1"}],"replies":[{"embeddable":true,"href":"https:\/\/www.fcremigen.ch\/index.php?rest_route=%2Fwp%2Fv2%2Fcomments&post=5"}],"version-history":[{"count":13,"href":"https:\/\/www.fcremigen.ch\/index.php?rest_route=\/wp\/v2\/pages\/5\/revisions"}],"predecessor-version":[{"id":2687,"href":"https:\/\/www.fcremigen.ch\/index.php?rest_route=\/wp\/v2\/pages\/5\/revisions\/2687"}],"wp:attachment":[{"href":"https:\/\/www.fcremigen.ch\/index.php?rest_route=%2Fwp%2Fv2%2Fmedia&parent=5"}],"curies":[{"name":"wp","href":"https:\/\/api.w.org\/{rel}","templated":true}]}}