{"id":189,"date":"2015-02-01T13:23:48","date_gmt":"2015-02-01T12:23:48","guid":{"rendered":"http:\/\/www.fcremigen.ch\/?page_id=189"},"modified":"2024-05-09T14:26:49","modified_gmt":"2024-05-09T12:26:49","slug":"vermietung-fest-material","status":"publish","type":"page","link":"https:\/\/www.fcremigen.ch\/?page_id=189","title":{"rendered":"Bar-Vermietung"},"content":{"rendered":"\n<h2 class=\"wp-block-heading\"><strong>Wir vermieten unsere Bar<\/strong><\/h2>\n\n\n\n<figure class=\"wp-block-image is-resized\"><a href=\"https:\/\/www.fcremigen.ch\/wp-content\/uploads\/2015\/02\/DSC06122_800x600.jpg\"><img loading=\"lazy\" decoding=\"async\" width=\"300\" height=\"225\" src=\"https:\/\/www.fcremigen.ch\/wp-content\/uploads\/2015\/02\/DSC06122_800x600-300x225.jpg\" alt=\"DSC06122_800x600\" class=\"wp-image-590\" style=\"width:309px;height:auto\" srcset=\"https:\/\/www.fcremigen.ch\/wp-content\/uploads\/2015\/02\/DSC06122_800x600-300x225.jpg 300w, https:\/\/www.fcremigen.ch\/wp-content\/uploads\/2015\/02\/DSC06122_800x600-624x468.jpg 624w, https:\/\/www.fcremigen.ch\/wp-content\/uploads\/2015\/02\/DSC06122_800x600.jpg 800w\" sizes=\"auto, (max-width: 300px) 100vw, 300px\" \/><\/a><\/figure>\n\n\n\n<figure class=\"wp-block-image is-resized\"><a href=\"https:\/\/www.fcremigen.ch\/wp-content\/uploads\/2018\/07\/DSC06101-e1533044234344.jpg\"><img loading=\"lazy\" decoding=\"async\" width=\"300\" height=\"225\" src=\"https:\/\/www.fcremigen.ch\/wp-content\/uploads\/2018\/07\/DSC06101-300x225.jpg\" alt=\"\" class=\"wp-image-1381\" style=\"width:310px;height:auto\"\/><\/a><\/figure>\n\n\n\n<p><\/p>\n\n\n\n<ul class=\"wp-block-list\">\n<li class=\"has-medium-font-size\">6 Elemente L: 1.5m B: 0.5m H: 1.2m<\/li>\n\n\n\n<li class=\"has-medium-font-size\">2 Eckelemente\u00a0L: 0.5m B: 0.5m H: 1.2m<\/li>\n<\/ul>\n\n\n\n<p class=\"has-medium-font-size\">M\u00f6gliches Beispiel:<br><a href=\"https:\/\/www.fcremigen.ch\/wp-content\/uploads\/2018\/07\/Bar-Schema-oben.jpg\"><img loading=\"lazy\" decoding=\"async\" class=\"alignnone size-medium wp-image-1383\" src=\"https:\/\/www.fcremigen.ch\/wp-content\/uploads\/2018\/07\/Bar-Schema-oben-300x211.jpg\" alt=\"\" width=\"300\" height=\"211\" srcset=\"https:\/\/www.fcremigen.ch\/wp-content\/uploads\/2018\/07\/Bar-Schema-oben-300x211.jpg 300w, https:\/\/www.fcremigen.ch\/wp-content\/uploads\/2018\/07\/Bar-Schema-oben.jpg 485w\" sizes=\"auto, (max-width: 300px) 100vw, 300px\" \/><\/a><\/p>\n\n\n\n<p class=\"has-medium-font-size\">Die Bar ist individuell zusammenschraubbar, witterungsbest\u00e4ndig und auf unebenem Grund in der H\u00f6he verstellbar. Die Oberfl\u00e4che wurde 2019\/2020 mit einer neuen Platte beschichtet (schwarz).<\/p>\n\n\n\n<p><\/p>\n\n\n\n<div class=\"wp-block-group\"><div class=\"wp-block-group__inner-container is-layout-constrained wp-block-group-is-layout-constrained\">\n<p class=\"has-medium-font-size\"><strong>Downloads:<\/strong>\u00a0 \u00a0 <\/p>\n\n\n\n<p class=\"has-medium-font-size\"><a href=\"https:\/\/www.fcremigen.ch\/?attachment_id=1385\" rel=\"attachment wp-att-1385\">Bar Flyer<\/a>\u00a0 \u00a0 \u00a0\u00a0<a href=\"https:\/\/www.fcremigen.ch\/?attachment_id=1386\" rel=\"attachment wp-att-1386\">Mietvertrag Bar (inkl. Preise)<\/a><\/p>\n\n\n\n<p><\/p>\n<\/div><\/div>\n\n\n\n<div class=\"wp-block-group\"><div class=\"wp-block-group__inner-container is-layout-constrained wp-block-group-is-layout-constrained\">\n<h2 class=\"wp-block-heading has-medium-font-size\"><strong>Preise und Mietbedingungen<\/strong><\/h2>\n\n\n\n<p class=\"has-medium-font-size\">Die Preise und Mitbedingungen finden Sie in unserem Mietvertrag (siehe Link zum Dokument oben). Diese Bedingungen beziehen sich auf die Vermietung an Privatpersonen oder f\u00fcr Vereine (in oder rund um Remigen). F\u00fcr Firmenanl\u00e4sse und\/oder Aufbauorte welche sich weiter als ~10km von 5236 Remigen befinden, m\u00fcssen die Konditionen individuell angepasst werden.<\/p>\n\n\n\n<p class=\"has-medium-font-size\">Eigene Abholung, Selbstmontage und R\u00fcckgabe (Standort Remigen) sind auch m\u00f6glich.<\/p>\n\n\n\n<p><\/p>\n<\/div><\/div>\n\n\n\n<h2 class=\"wp-block-heading\">Anfragen Vermietung<\/h2>\n\n\n<div class=\"wp-block-image\">\n<figure class=\"alignleft\"><a href=\"https:\/\/www.fcremigen.ch\/wp-content\/uploads\/2015\/02\/HandyNrJW.jpg\"><img loading=\"lazy\" decoding=\"async\" width=\"172\" height=\"33\" src=\"https:\/\/www.fcremigen.ch\/wp-content\/uploads\/2015\/02\/HandyNrJW.jpg\" alt=\"HandyNrJW\" class=\"wp-image-602\"\/><\/a><\/figure>\n<\/div>\n\n\n<p class=\"has-medium-font-size\">Bei <strong>Fragen<\/strong> stehen wir Ihnen gerne zur Verf\u00fcgung:<br>J\u00fcrg Wernli<br><\/p>\n\n\n\n<figure class=\"wp-block-image\"><a href=\"https:\/\/www.fcremigen.ch\/wp-content\/uploads\/2018\/07\/DSC06152.jpg\"><img loading=\"lazy\" decoding=\"async\" width=\"1024\" height=\"768\" src=\"https:\/\/www.fcremigen.ch\/wp-content\/uploads\/2018\/07\/DSC06152-1024x768.jpg\" alt=\"\" class=\"wp-image-1382\" srcset=\"https:\/\/www.fcremigen.ch\/wp-content\/uploads\/2018\/07\/DSC06152-1024x768.jpg 1024w, https:\/\/www.fcremigen.ch\/wp-content\/uploads\/2018\/07\/DSC06152-300x225.jpg 300w, https:\/\/www.fcremigen.ch\/wp-content\/uploads\/2018\/07\/DSC06152-768x576.jpg 768w, https:\/\/www.fcremigen.ch\/wp-content\/uploads\/2018\/07\/DSC06152-624x468.jpg 624w\" sizes=\"auto, (max-width: 1024px) 100vw, 1024px\" \/><\/a><\/figure>\n","protected":false},"excerpt":{"rendered":"<p>Wir vermieten unsere Bar M\u00f6gliches Beispiel: Die Bar ist individuell zusammenschraubbar, witterungsbest\u00e4ndig und auf unebenem Grund in der H\u00f6he verstellbar. Die Oberfl\u00e4che wurde 2019\/2020 mit einer neuen Platte beschichtet (schwarz). Downloads:\u00a0 \u00a0 Bar Flyer\u00a0 \u00a0 \u00a0\u00a0Mietvertrag Bar (inkl. Preise) Preise und Mietbedingungen Die Preise und Mitbedingungen finden Sie in unserem Mietvertrag (siehe Link zum Dokument [&hellip;]<\/p>\n","protected":false},"author":1,"featured_media":0,"parent":0,"menu_order":0,"comment_status":"closed","ping_status":"open","template":"","meta":{"ngg_post_thumbnail":0,"footnotes":""},"class_list":["post-189","page","type-page","status-publish","hentry"],"_links":{"self":[{"href":"https:\/\/www.fcremigen.ch\/index.php?rest_route=\/wp\/v2\/pages\/189","targetHints":{"allow":["GET"]}}],"collection":[{"href":"https:\/\/www.fcremigen.ch\/index.php?rest_route=\/wp\/v2\/pages"}],"about":[{"href":"https:\/\/www.fcremigen.ch\/index.php?rest_route=\/wp\/v2\/types\/page"}],"author":[{"embeddable":true,"href":"https:\/\/www.fcremigen.ch\/index.php?rest_route=\/wp\/v2\/users\/1"}],"replies":[{"embeddable":true,"href":"https:\/\/www.fcremigen.ch\/index.php?rest_route=%2Fwp%2Fv2%2Fcomments&post=189"}],"version-history":[{"count":20,"href":"https:\/\/www.fcremigen.ch\/index.php?rest_route=\/wp\/v2\/pages\/189\/revisions"}],"predecessor-version":[{"id":2689,"href":"https:\/\/www.fcremigen.ch\/index.php?rest_route=\/wp\/v2\/pages\/189\/revisions\/2689"}],"wp:attachment":[{"href":"https:\/\/www.fcremigen.ch\/index.php?rest_route=%2Fwp%2Fv2%2Fmedia&parent=189"}],"curies":[{"name":"wp","href":"https:\/\/api.w.org\/{rel}","templated":true}]}}